{"id":3,"date":"2021-10-26T12:17:00","date_gmt":"2021-10-26T12:17:00","guid":{"rendered":"http:\/\/semanaciencia.alcoy.upv.es\/?page_id=3"},"modified":"2021-11-05T11:45:39","modified_gmt":"2021-11-05T10:45:39","slug":"politica-privacidad","status":"publish","type":"page","link":"https:\/\/sct.webs.upv.es\/ca\/politica-privacidad\/","title":{"rendered":"Pol\u00edtica de privacitat"},"content":{"rendered":"<div data-elementor-type=\"wp-page\" data-elementor-id=\"3\" class=\"elementor elementor-3\">\n\t\t\t\t\t\t<section class=\"elementor-section elementor-top-section elementor-element elementor-element-7bfb8ad3 elementor-section-boxed elementor-section-height-default elementor-section-height-default\" data-id=\"7bfb8ad3\" data-element_type=\"section\" data-e-type=\"section\">\n\t\t\t\t\t\t<div class=\"elementor-container elementor-column-gap-default\">\n\t\t\t\t\t<div class=\"elementor-column elementor-col-100 elementor-top-column elementor-element elementor-element-fdd3c28\" data-id=\"fdd3c28\" data-element_type=\"column\" data-e-type=\"column\">\n\t\t\t<div class=\"elementor-widget-wrap elementor-element-populated\">\n\t\t\t\t\t\t<div class=\"elementor-element elementor-element-35bc6f48 elementor-widget elementor-widget-text-editor\" data-id=\"35bc6f48\" data-element_type=\"widget\" data-e-type=\"widget\" data-widget_type=\"text-editor.default\">\n\t\t\t\t<div class=\"elementor-widget-container\">\n\t\t\t\t\t\t\t\t\t<p><\/p>\n<h1 class=\"wp-block-heading\" style=\"text-align: center;\">Pol\u00edtica de privacitat<\/h1>\n<div>\u00a0<\/div>\n<p><\/p>\n<p><\/p>\n<p>El titular del lloc web \u00e9s el Campus d'Alcoi de la Universitat Polit\u00e8cnica de Val\u00e8ncia, aix\u00ed com el titular i responsable dels tractaments amb la informaci\u00f3 de car\u00e0cter personal subministrada volunt\u00e0riament pels seus usuaris havent adoptat totes les mesures de seguretat requerides legalment per a la protecci\u00f3 de les dades i la intimitat dels usuaris. El tractament de les dades personals que es realitza a trav\u00e9s del present Lloc Web compleix amb el que estableix el Reglament 2016\/679, General de Protecci\u00f3 de Dades, a la Llei Org\u00e0nica de Protecci\u00f3 de Dades i amb les mesures de seguretat que li siguin de aplicaci\u00f3 segons desenvolupament normatiu.<\/p>\n<p><\/p>\n<p><\/p>\n<h3 class=\"wp-block-heading\">1. Dret d'informaci\u00f3<\/h3>\n<p><\/p>\n<p><\/p>\n<p>Si l'usuari decideix sol\u00b7licitar informaci\u00f3 al nostre Lloc Web, se sol\u00b7licitaran les dades estrictament necess\u00e0ries per a la consecuci\u00f3 de la fi a la qual est\u00e0 destinat el nostre Lloc Web, que \u00e9s el de la informaci\u00f3 i promoci\u00f3 dels nostres serveis, tots ells disponibles al nostre Web. En cap cas seran utilitzats per a finalitats diferents d'aquelles per a les quals han estat volunt\u00e0riament introdu\u00efts al Web.<\/p>\n<p><\/p>\n<p><\/p>\n<p>Els que volunt\u00e0riament facilitin les seves dades al titular del Web per qualsevol dels mitjans establerts a aquest efecte en cada moment, consenten i accepten con\u00e8ixer de manera expressa, precisa i inequ\u00edvoca per haver fet clic a la casella corresponent, els aspectes seg\u00fcents:<\/p>\n<p><\/p>\n<p><\/p>\n<p>El RESPONSABLE del tractament \u00e9s l\u00b4\u00c0REA DE COMUNICACI\u00d3 DEL CAMPUS D\u00b4ALCOI DE LA UNIVERSITAT POLIT\u00c8CNICA DE VAL\u00c8NCIA.<\/p>\n<p><\/p>\n<p><\/p>\n<p>Els FINS del tractament es delimiten a:<br \/>\u2022 La gesti\u00f3 de la petici\u00f3, sol\u00b7licitud o consulta, i el manteniment de les relacions entre el web i els seus usuaris.<br \/>\u2022 Autoritzaci\u00f3 inequ\u00edvoca sobre que es puguin utilitzar les dades facilitades per remetre'l, per qualsevol mitj\u00e0 de comunicaci\u00f3, inclosos els electr\u00f2nics, comunicacions comercials, amb informaci\u00f3 d'inter\u00e8s, i comunicacions recordatori, sempre que hagi marcat la casella corresponent o hagi manifestat, per qualsevol mitj\u00e0, de manera inequ\u00edvoca la seva autoritzaci\u00f3.<br \/>\u2022 Informaci\u00f3 per a l'\u00fas de les cookies per a les finalitats concretes i espec\u00edfiques informades en tot moment en aquesta pol\u00edtica de privacitat.<br \/>La LEGITIMACI\u00d3 per al tractament es basa en la relaci\u00f3 establerta i el seu consentiment inequ\u00edvoc. Us informem que podeu revocar el vostre consentiment en tot moment, sol\u00b7licitant-ho per correu electr\u00f2nic o postal.<\/p>\n<p><\/p>\n<p><\/p>\n<h3 class=\"wp-block-heading\">2. Informaci\u00f3 sobre els usuaris<\/h3>\n<p><\/p>\n<p><\/p>\n<p>S\u00ed registrem les vostres dades d'IP (Internet Protocol) assignat a l'abonat titular de la l\u00ednia telef\u00f2nica en el moment de la connexi\u00f3 amb aquest Web, per a la finalitat de mesuraments i estad\u00edstiques, seguretat i col\u00b7laboraci\u00f3 amb la Just\u00edcia. Les dades seran conservades pel prestador de serveis el temps marcat per la legislaci\u00f3 vigent.<\/p>\n<p><\/p>\n<p><\/p>\n<h3 class=\"wp-block-heading\">3. Drets d'acc\u00e9s, rectificaci\u00f3, oposici\u00f3, supressi\u00f3, limitaci\u00f3, si no s\u00f3n objecte de decisions automatitzades i portabilitat<\/h3>\n<p><\/p>\n<p><\/p>\n<p>En qualsevol moment, l'usuari t\u00e9 dret a accedir a la seva informaci\u00f3, a rectificar-la si les dades s\u00f3n err\u00f2nies, a oposar-se a algun tipus de tractament associat al manteniment de la relaci\u00f3 contractual, a revocar el consentiment atorgat, a sol\u00b7licitar la limitaci\u00f3 o supressi\u00f3 de el tractament, a no veure's sotm\u00e8s a decisions automatitzades, ia donar-se de baixa dels serveis.<br \/>Aquests drets poden fer-se efectius amb l'acreditaci\u00f3 pr\u00e8via de la personalitat en les formes i en els terminis establerts en el Reglament General de Protecci\u00f3 de Dades, dirigint un escrit a l'adre\u00e7a postal del Campus d'Alcoi de la Universitat Polit\u00e8cnica de Val\u00e8ncia. El tractament de les dades personals i l'enviament de comunicacions per mitjans electr\u00f2nics, si escau, estan ajustats a la normativa establerta al Reglament General de Protecci\u00f3 de Dades, la Llei Org\u00e0nica 15\/1999, de 13 de desembre, de Protecci\u00f3 de Dades de Car\u00e0cter Personal i en la Llei 34\/2002, de 11 de juliol, de Serveis de la Societat de la Informaci\u00f3 i de Comer\u00e7 Electr\u00f2nic.<\/p>\n<p><\/p>\n<p><\/p>\n<h3 class=\"wp-block-heading\">\u00daS DE COOKIES<\/h3>\n<p><\/p>\n<p><\/p>\n<p>En esta web utilizamos cookies para mejorar y optimizar la experiencia del usuario. A continuaci\u00f3n, tal como marca la legislaci\u00f3n, informamos sobre qu\u00e9 son las &#8220;cookies&#8221;, qu\u00e9 tipolog\u00edas utiliza esta web y c\u00f3mo pueden desactivarse o eliminarse.<br \/>\u2022 Assegurar que les p\u00e0gines web poden funcionar correctament.<br \/>\u2022 Emmagatzemar les prefer\u00e8ncies.<br \/>\u2022 Con\u00e9ixer l'experi\u00e8ncia de navegaci\u00f3.<br \/>\u2022 Recopilar informaci\u00f3 estad\u00edstica an\u00f2nima, com quines p\u00e0gines has vist o quant de temps hi has estat.<br \/>En accedir a aquest lloc web s'instal\u00b7len les cookies seg\u00fcents:<br \/>Cookies d'an\u00e0lisi. Les cookies no recullen informaci\u00f3 que comporti la identificaci\u00f3 de l'usuari, tota la informaci\u00f3 recopilada \u00e9s de car\u00e0cter an\u00f2nima i la seva finalitat \u00e9s purament estad\u00edstica per con\u00e8ixer el nombre de visites rebudes a la web i altres m\u00e8triques proporcionades pel servei de Google Analitycs.<\/p>\n<p><\/p>\n<p><\/p>\n<h3 class=\"wp-block-heading\">Configuraci\u00f3 de les cookies<\/h3>\n<p><\/p>\n<p><\/p>\n<p>L'usuari no est\u00e0 obligat a utilitzar cookies en la navegaci\u00f3 d'aquesta web, podent bloquejar, deshabilitar o activar la configuraci\u00f3 del navegador, de manera que es rebutgi la instal\u00b7laci\u00f3 de totes les cookies o algunes. La pr\u00e0ctica majoria dels navegadors permeten advertir de la pres\u00e8ncia de cookies o rebutjar-les autom\u00e0ticament. En cas de rebuig s\u00ed que es permet la navegaci\u00f3 al nostre lloc web, per\u00f2 l'acc\u00e9s est\u00e0 limitat i moltes vegades l'experi\u00e8ncia d'usuari no \u00e9s tan satisfact\u00f2ria.<br \/>En cas de voler editar la configuraci\u00f3 de cookies dels principals navegadors s'indiquen on s'ha de fer:<br \/>\u2022 Internet Explorer: Eines -&gt; Opcions d'Internet -&gt;Privacitat -&gt;Configuraci\u00f3. Per a m\u00e9s informaci\u00f3, podeu consultar el suport de Microsoft o l'Ajuda del navegador.<br \/>\u2022 Safari: Prefer\u00e8ncies -&gt; Seguretat. Per a m\u00e9s informaci\u00f3, podeu consultar el suport d'Apple o l'Ajuda del navegador.<br \/>\u2022 Firefox: Eines -&gt; Opcions -&gt; Privacitat -&gt;Historial -&gt; Configuraci\u00f3 Personalitzada. Per a m\u00e9s informaci\u00f3, podeu consultar el suport de Mozilla o l'Ajuda del navegador.<br \/>\u2022 Chrome: Configuraci\u00f3 -&gt; Mostrar opcions avan\u00e7ades -&gt; Privacitat -&gt;Configuraci\u00f3 de contingut. Per a m\u00e9s informaci\u00f3, podeu consultar el suport de Google o l'Ajuda del navegador.<\/p>\n<p><\/p>\t\t\t\t\t\t\t\t<\/div>\n\t\t\t\t<\/div>\n\t\t\t\t\t<\/div>\n\t\t<\/div>\n\t\t\t\t\t<\/div>\n\t\t<\/section>\n\t\t\t\t<\/div>","protected":false},"excerpt":{"rendered":"<p>Pol\u00edtica de privacidad \u00a0 El titular del sitio web es el Campus de Alcoy de la Universitat Polit\u00e8cnica de Val\u00e8ncia, as\u00ed como el titular y responsable de los tratamientos con [&hellip;]<\/p>\n","protected":false},"author":1,"featured_media":0,"parent":0,"menu_order":0,"comment_status":"closed","ping_status":"closed","template":"","meta":{"_acf_changed":false,"inline_featured_image":false,"_price":"","_stock":"","_tribe_ticket_header":"","_tribe_default_ticket_provider":"","_tribe_ticket_capacity":"0","_ticket_start_date":"","_ticket_end_date":"","_tribe_ticket_show_description":"","_tribe_ticket_show_not_going":false,"_tribe_ticket_use_global_stock":"","_tribe_ticket_global_stock_level":"","_global_stock_mode":"","_global_stock_cap":"","_tribe_rsvp_for_event":"","_tribe_ticket_going_count":"","_tribe_ticket_not_going_count":"","_tribe_tickets_list":"[]","_tribe_ticket_has_attendee_info_fields":false,"footnotes":"","_tec_slr_enabled":"","_tec_slr_layout":""},"class_list":["post-3","page","type-page","status-publish","hentry"],"acf":[],"ticketed":false,"_links":{"self":[{"href":"https:\/\/sct.webs.upv.es\/ca\/wp-json\/wp\/v2\/pages\/3","targetHints":{"allow":["GET"]}}],"collection":[{"href":"https:\/\/sct.webs.upv.es\/ca\/wp-json\/wp\/v2\/pages"}],"about":[{"href":"https:\/\/sct.webs.upv.es\/ca\/wp-json\/wp\/v2\/types\/page"}],"author":[{"embeddable":true,"href":"https:\/\/sct.webs.upv.es\/ca\/wp-json\/wp\/v2\/users\/1"}],"replies":[{"embeddable":true,"href":"https:\/\/sct.webs.upv.es\/ca\/wp-json\/wp\/v2\/comments?post=3"}],"version-history":[{"count":7,"href":"https:\/\/sct.webs.upv.es\/ca\/wp-json\/wp\/v2\/pages\/3\/revisions"}],"predecessor-version":[{"id":12690,"href":"https:\/\/sct.webs.upv.es\/ca\/wp-json\/wp\/v2\/pages\/3\/revisions\/12690"}],"wp:attachment":[{"href":"https:\/\/sct.webs.upv.es\/ca\/wp-json\/wp\/v2\/media?parent=3"}],"curies":[{"name":"wp","href":"https:\/\/api.w.org\/{rel}","templated":true}]}}