{"id":13483,"date":"2022-09-19T12:20:41","date_gmt":"2022-09-19T10:20:41","guid":{"rendered":"https:\/\/sct.webs.upv.es\/?page_id=13483"},"modified":"2024-12-03T12:05:15","modified_gmt":"2024-12-03T11:05:15","slug":"info-jovenes-conciencia","status":"publish","type":"page","link":"https:\/\/sct.webs.upv.es\/ca\/info-jovenes-conciencia\/","title":{"rendered":"J\u00f3venes ConCiencia &#8211; Edici\u00f3n 2023-24"},"content":{"rendered":"<div data-elementor-type=\"wp-page\" data-elementor-id=\"13483\" class=\"elementor elementor-13483\">\n\t\t\t\t\t\t<section class=\"elementor-section elementor-top-section elementor-element elementor-element-1f00da9 elementor-section-boxed elementor-section-height-default elementor-section-height-default\" data-id=\"1f00da9\" data-element_type=\"section\" data-e-type=\"section\">\n\t\t\t\t\t\t<div class=\"elementor-container elementor-column-gap-default\">\n\t\t\t\t\t<div class=\"elementor-column elementor-col-100 elementor-top-column elementor-element elementor-element-b1ac04c\" data-id=\"b1ac04c\" data-element_type=\"column\" data-e-type=\"column\">\n\t\t\t<div class=\"elementor-widget-wrap elementor-element-populated\">\n\t\t\t\t\t\t<div class=\"elementor-element elementor-element-b1c7860 elementor-widget elementor-widget-heading\" data-id=\"b1c7860\" data-element_type=\"widget\" data-e-type=\"widget\" data-widget_type=\"heading.default\">\n\t\t\t\t<div class=\"elementor-widget-container\">\n\t\t\t\t\t<h1 class=\"elementor-heading-title elementor-size-default\">J\u00f3venes ConCiencia 2024-25<\/h1>\t\t\t\t<\/div>\n\t\t\t\t<\/div>\n\t\t\t\t\t<\/div>\n\t\t<\/div>\n\t\t\t\t\t<\/div>\n\t\t<\/section>\n\t\t\t\t<section class=\"elementor-section elementor-top-section elementor-element elementor-element-13d714c elementor-section-boxed elementor-section-height-default elementor-section-height-default\" data-id=\"13d714c\" data-element_type=\"section\" data-e-type=\"section\">\n\t\t\t\t\t\t<div class=\"elementor-container elementor-column-gap-default\">\n\t\t\t\t\t<div class=\"elementor-column elementor-col-100 elementor-top-column elementor-element elementor-element-65d3bb8f\" data-id=\"65d3bb8f\" data-element_type=\"column\" data-e-type=\"column\">\n\t\t\t<div class=\"elementor-widget-wrap elementor-element-populated\">\n\t\t\t\t\t\t<div class=\"elementor-element elementor-element-71367c30 elementor-widget elementor-widget-text-editor\" data-id=\"71367c30\" data-element_type=\"widget\" data-e-type=\"widget\" data-widget_type=\"text-editor.default\">\n\t\t\t\t<div class=\"elementor-widget-container\">\n\t\t\t\t\t\t\t\t\t<div class=\"wp-block-contact-form-7-contact-form-selector\">\n<div class=\"wpcf7 no-js\" id=\"wpcf7-f13482-o1\" lang=\"es-ES\" dir=\"ltr\" data-wpcf7-id=\"13482\">\n<div class=\"screen-reader-response\"><p role=\"status\" aria-live=\"polite\" aria-atomic=\"true\"><\/p> <ul><\/ul><\/div>\n<form action=\"\/ca\/wp-json\/wp\/v2\/pages\/13483#wpcf7-f13482-o1\" method=\"post\" class=\"wpcf7-form init\" aria-label=\"Formulario de contacto\" novalidate=\"novalidate\" data-status=\"init\" data-trp-original-action=\"\/ca\/wp-json\/wp\/v2\/pages\/13483#wpcf7-f13482-o1\">\n<fieldset class=\"hidden-fields-container\"><input type=\"hidden\" name=\"_wpcf7\" value=\"13482\" \/><input type=\"hidden\" name=\"_wpcf7_version\" value=\"6.1.5\" \/><input type=\"hidden\" name=\"_wpcf7_locale\" value=\"es_ES\" \/><input type=\"hidden\" name=\"_wpcf7_unit_tag\" value=\"wpcf7-f13482-o1\" \/><input type=\"hidden\" name=\"_wpcf7_container_post\" value=\"0\" \/><input type=\"hidden\" name=\"_wpcf7_posted_data_hash\" value=\"\" \/>\n<\/fieldset>\n<p><b>Estem treballant a la nova edici\u00f3 de Joves ConsCi\u00e8ncia 2023-24<br \/>\nSi vols rebre m\u00e9s informaci\u00f3 completa el formulari mostrat a continuaci\u00f3.<\/b>\n<\/p>\n<p><label> Centre educatiu*<br \/>\n<span class=\"wpcf7-form-control-wrap\" data-name=\"CentroEducativo\"><input size=\"40\" maxlength=\"400\" class=\"wpcf7-form-control wpcf7-text wpcf7-validates-as-required\" id=\"CentroEducativo\" aria-required=\"true\" aria-invalid=\"false\" value=\"\" type=\"text\" name=\"CentroEducativo\" \/><\/span><br \/>\n<\/label><br \/>\n<label> Localitat*<br \/>\n<span class=\"wpcf7-form-control-wrap\" data-name=\"Localidad\"><input size=\"40\" maxlength=\"400\" class=\"wpcf7-form-control wpcf7-text wpcf7-validates-as-required\" id=\"Localidad\" aria-required=\"true\" aria-invalid=\"false\" value=\"\" type=\"text\" name=\"Localidad\" \/><\/span><br \/>\n<\/label><br \/>\n<label> Professor responsable*<br \/>\n<span class=\"wpcf7-form-control-wrap\" data-name=\"your-name\"><input size=\"40\" maxlength=\"400\" class=\"wpcf7-form-control wpcf7-text wpcf7-validates-as-required\" aria-required=\"true\" aria-invalid=\"false\" value=\"\" type=\"text\" name=\"your-name\" \/><\/span> <\/label><br \/>\n<label> Correu electr\u00f2nic*<br \/>\n<span class=\"wpcf7-form-control-wrap\" data-name=\"your-email\"><input size=\"40\" maxlength=\"400\" class=\"wpcf7-form-control wpcf7-email wpcf7-validates-as-required wpcf7-text wpcf7-validates-as-email\" aria-required=\"true\" aria-invalid=\"false\" value=\"\" type=\"email\" name=\"your-email\" \/><\/span> <\/label><br \/>\n<label> Curs*<br \/>\n<span class=\"wpcf7-form-control-wrap\" data-name=\"Curso\"><input size=\"40\" maxlength=\"400\" class=\"wpcf7-form-control wpcf7-text wpcf7-validates-as-required\" id=\"Curso\" aria-required=\"true\" aria-invalid=\"false\" value=\"\" type=\"text\" name=\"Curso\" \/><\/span><br \/>\n<\/label>\n<\/p>\n<p><label> Interessat a:<\/label><br \/>\n<span class=\"wpcf7-form-control-wrap\" data-name=\"Intereses\"><span class=\"wpcf7-form-control wpcf7-checkbox\" id=\"Intereses\"><span class=\"wpcf7-list-item first\"><label><input type=\"checkbox\" name=\"Intereses[]\" value=\"Talleres Semana Joven de la Ciencia\" \/><span class=\"wpcf7-list-item-label\">Tallers Setmana Jove de la Ci\u00e8ncia<\/span><\/label><\/span><span class=\"wpcf7-list-item\"><label><input type=\"checkbox\" name=\"Intereses[]\" value=\"Talleres Magia de la Ciencia\" \/><span class=\"wpcf7-list-item-label\">Tallers M\u00e0gia de la Ci\u00e8ncia<\/span><\/label><\/span><span class=\"wpcf7-list-item\"><label><input type=\"checkbox\" name=\"Intereses[]\" value=\"Concurso EcoJuguete\" \/><span class=\"wpcf7-list-item-label\">Concurs EcoJoguet<\/span><\/label><\/span><span class=\"wpcf7-list-item\"><label><input type=\"checkbox\" name=\"Intereses[]\" value=\"Concurso AppInventor\" \/><span class=\"wpcf7-list-item-label\">Concurs AppInventor<\/span><\/label><\/span><span class=\"wpcf7-list-item\"><label><input type=\"checkbox\" name=\"Intereses[]\" value=\"Concurso de Rob\u00f3tica M\u00f3vil\" \/><span class=\"wpcf7-list-item-label\">Concurs de Rob\u00f2tica M\u00f2bil<\/span><\/label><\/span><span class=\"wpcf7-list-item\"><label><input type=\"checkbox\" name=\"Intereses[]\" value=\"Concurso ideaT\" \/><span class=\"wpcf7-list-item-label\">Concurs ideaT<\/span><\/label><\/span><span class=\"wpcf7-list-item last\"><label><input type=\"checkbox\" name=\"Intereses[]\" value=\"Concurso Muestra la Ciencia en V\u00eddeo\" \/><span class=\"wpcf7-list-item-label\">Concurs Mostra la Ci\u00e8ncia a V\u00eddeo<\/span><\/label><\/span><\/span><\/span>\n<\/p>\n<p><span class=\"wpcf7-form-control-wrap\" data-name=\"OtrasActividades\"><span class=\"wpcf7-form-control wpcf7-checkbox\" id=\"OtrasActividades\"><span class=\"wpcf7-list-item first last\"><label><input type=\"checkbox\" name=\"OtrasActividades[]\" value=\"Deseo recibir informaci\u00f3n acerca de otras actividades del campus\" \/><span class=\"wpcf7-list-item-label\">Vull rebre informaci\u00f3 sobre altres activitats del campus<\/span><\/label><\/span><\/span><\/span>\n<\/p>\n<p><span class=\"wpcf7-form-control-wrap\" data-name=\"PoliticadePrivacidad\"><span class=\"wpcf7-form-control wpcf7-checkbox wpcf7-validates-as-required\" id=\"privacidad\"><span class=\"wpcf7-list-item first last\"><label><input type=\"checkbox\" name=\"PoliticadePrivacidad[]\" value=\"Acepto la pol\u00edtica de privacidad*\" \/><span class=\"wpcf7-list-item-label\">Accepte la pol\u00edtica de privacitat*<\/span><\/label><\/span><\/span><\/span><br \/>\n*Pots consultar ac\u00ed els detalls de la <a href=\"\/ca\/politica-privacidad\/\" target=\"_blank\">Pol\u00edtica de privacitat<\/a><a><br \/>\n<input class=\"wpcf7-form-control wpcf7-submit has-spinner\" type=\"submit\" value=\"Enviar\" \/><\/a>\n<\/p><div class=\"wpcf7-response-output\" aria-hidden=\"true\"><\/div>\n<input type=\"hidden\" name=\"trp-form-language\" value=\"ca\"\/><\/form>\n<\/div>\n<\/div>\n<p><!-- \/wp:contact-form-7\/contact-form-selector --><\/p>\t\t\t\t\t\t\t\t<\/div>\n\t\t\t\t<\/div>\n\t\t\t\t\t<\/div>\n\t\t<\/div>\n\t\t\t\t\t<\/div>\n\t\t<\/section>\n\t\t\t\t<\/div>","protected":false},"excerpt":{"rendered":"<p>J\u00f3venes ConCiencia 2024-25<\/p>","protected":false},"author":1,"featured_media":0,"parent":0,"menu_order":0,"comment_status":"closed","ping_status":"closed","template":"","meta":{"_acf_changed":false,"inline_featured_image":false,"_price":"","_stock":"","_tribe_ticket_header":"","_tribe_default_ticket_provider":"","_tribe_ticket_capacity":"0","_ticket_start_date":"","_ticket_end_date":"","_tribe_ticket_show_description":"","_tribe_ticket_show_not_going":false,"_tribe_ticket_use_global_stock":"","_tribe_ticket_global_stock_level":"","_global_stock_mode":"","_global_stock_cap":"","_tribe_rsvp_for_event":"","_tribe_ticket_going_count":"","_tribe_ticket_not_going_count":"","_tribe_tickets_list":"[]","_tribe_ticket_has_attendee_info_fields":false,"footnotes":"","_tec_slr_enabled":"","_tec_slr_layout":""},"class_list":["post-13483","page","type-page","status-publish","hentry"],"acf":[],"ticketed":false,"_links":{"self":[{"href":"https:\/\/sct.webs.upv.es\/ca\/wp-json\/wp\/v2\/pages\/13483","targetHints":{"allow":["GET"]}}],"collection":[{"href":"https:\/\/sct.webs.upv.es\/ca\/wp-json\/wp\/v2\/pages"}],"about":[{"href":"https:\/\/sct.webs.upv.es\/ca\/wp-json\/wp\/v2\/types\/page"}],"author":[{"embeddable":true,"href":"https:\/\/sct.webs.upv.es\/ca\/wp-json\/wp\/v2\/users\/1"}],"replies":[{"embeddable":true,"href":"https:\/\/sct.webs.upv.es\/ca\/wp-json\/wp\/v2\/comments?post=13483"}],"version-history":[{"count":14,"href":"https:\/\/sct.webs.upv.es\/ca\/wp-json\/wp\/v2\/pages\/13483\/revisions"}],"predecessor-version":[{"id":15795,"href":"https:\/\/sct.webs.upv.es\/ca\/wp-json\/wp\/v2\/pages\/13483\/revisions\/15795"}],"wp:attachment":[{"href":"https:\/\/sct.webs.upv.es\/ca\/wp-json\/wp\/v2\/media?parent=13483"}],"curies":[{"name":"wp","href":"https:\/\/api.w.org\/{rel}","templated":true}]}}