{"id":11614,"date":"2021-10-01T11:42:47","date_gmt":"2021-10-01T09:42:47","guid":{"rendered":"https:\/\/pilelabs.peacefulqode.com\/?page_id=11614"},"modified":"2025-10-22T13:21:26","modified_gmt":"2025-10-22T11:21:26","slug":"edicionesanteriores","status":"publish","type":"page","link":"https:\/\/sct.webs.upv.es\/ca\/edicionesanteriores\/","title":{"rendered":"Edicions anteriors"},"content":{"rendered":"<div data-elementor-type=\"wp-page\" data-elementor-id=\"11614\" class=\"elementor elementor-11614\">\n\t\t\t\t\t\t<div class=\"elementor-section elementor-top-section elementor-element elementor-element-917a606 elementor-section-full_width elementor-section-stretched elementor-section-height-default elementor-section-height-default\" data-id=\"917a606\" data-element_type=\"section\" data-e-type=\"section\" data-settings=\"{&quot;stretch_section&quot;:&quot;section-stretched&quot;}\">\n\t\t\t\t\t\t<div class=\"elementor-container elementor-column-gap-default\">\n\t\t\t\t\t<div class=\"elementor-column elementor-col-100 elementor-top-column elementor-element elementor-element-f8951c6\" data-id=\"f8951c6\" data-element_type=\"column\" data-e-type=\"column\">\n\t\t\t<div class=\"elementor-widget-wrap elementor-element-populated\">\n\t\t\t\t\t\t<div class=\"elementor-section elementor-inner-section elementor-element elementor-element-eec37d0 elementor-section-boxed elementor-section-height-default elementor-section-height-default\" data-id=\"eec37d0\" data-element_type=\"section\" data-e-type=\"section\">\n\t\t\t\t\t\t<div class=\"elementor-container elementor-column-gap-default\">\n\t\t\t\t\t<div class=\"elementor-column elementor-col-100 elementor-inner-column elementor-element elementor-element-ab0a317\" data-id=\"ab0a317\" data-element_type=\"column\" data-e-type=\"column\">\n\t\t\t<div class=\"elementor-widget-wrap elementor-element-populated\">\n\t\t\t\t\t\t<div class=\"elementor-element elementor-element-e296cc5 elementor-widget elementor-widget-heading\" data-id=\"e296cc5\" data-element_type=\"widget\" data-e-type=\"widget\" data-widget_type=\"heading.default\">\n\t\t\t\t<div class=\"elementor-widget-container\">\n\t\t\t\t\t<h1 class=\"elementor-heading-title elementor-size-default\">EDICIONS ANTERIORS<\/h1>\t\t\t\t<\/div>\n\t\t\t\t<\/div>\n\t\t\t\t<div class=\"elementor-element elementor-element-9cea03c elementor-widget elementor-widget-spacer\" data-id=\"9cea03c\" data-element_type=\"widget\" data-e-type=\"widget\" data-widget_type=\"spacer.default\">\n\t\t\t\t<div class=\"elementor-widget-container\">\n\t\t\t\t\t\t\t<div class=\"elementor-spacer\">\n\t\t\t<div class=\"elementor-spacer-inner\"><\/div>\n\t\t<\/div>\n\t\t\t\t\t\t<\/div>\n\t\t\t\t<\/div>\n\t\t\t\t<div class=\"elementor-element elementor-element-839e5b8 elementor-widget elementor-widget-Timeline\" data-id=\"839e5b8\" data-element_type=\"widget\" data-e-type=\"widget\" data-widget_type=\"Timeline.default\">\n\t\t\t\t<div class=\"elementor-widget-container\">\n\t\t\t\t\t<div class=\"pt-timelines\"  >\n\n\t<div class=\"cntl\">\n\n\t\t<span class=\"cntl-bar cntl-center\">\n\t\t\t<span class=\"cntl-bar-fill\"><\/span>\n\t\t<\/span>\n\n\t\t<div class=\"cntl-states\">\n\t\t\t\t\t\t<div class=\"cntl-state\">\n\t\t\t\t<div class=\"cntl-content\">\n\t\t\t\t\t<h4>Edici\u00f3n XXI<\/h4>\n\t\t\t\t\t<p><\/p>\n\t\t\t\t<\/div>\n\t\t\t\t<div class=\"cntl-image\"><img decoding=\"async\" src=\"https:\/\/sct.webs.upv.es\/wp-content\/uploads\/2025\/10\/sc24-cartel-a4_sc24-cartel-val-725x1024-1.png\"><\/div>\n\t\t\t\t<div class=\"cntl-icon cntl-center\">24-25<\/div>\n\t\t\t<\/div>\n\n\t\t\t\t\t<div class=\"cntl-state\">\n\t\t\t\t<div class=\"cntl-content\">\n\t\t\t\t\t<h4>Edici\u00f3 XX<\/h4>\n\t\t\t\t\t<p><\/p>\n\t\t\t\t<\/div>\n\t\t\t\t<div class=\"cntl-image\"><img decoding=\"async\" src=\"https:\/\/sct.webs.upv.es\/wp-content\/uploads\/2024\/09\/SEMANA-CIENCIA-2023.png\"><\/div>\n\t\t\t\t<div class=\"cntl-icon cntl-center\">23-24<\/div>\n\t\t\t<\/div>\n\n\t\t\t\t\t<div class=\"cntl-state\">\n\t\t\t\t<div class=\"cntl-content\">\n\t\t\t\t\t<h4>Edici\u00f3n XIX<\/h4>\n\t\t\t\t\t<p><\/p>\n\t\t\t\t<\/div>\n\t\t\t\t<div class=\"cntl-image\"><img decoding=\"async\" src=\"https:\/\/sct.webs.upv.es\/wp-content\/uploads\/2022\/10\/sc2022-programa-val.png\"><\/div>\n\t\t\t\t<div class=\"cntl-icon cntl-center\">22-23<\/div>\n\t\t\t<\/div>\n\n\t\t\t\t\t<div class=\"cntl-state\">\n\t\t\t\t<div class=\"cntl-content\">\n\t\t\t\t\t<h4>Edici\u00f3n XVIII<\/h4>\n\t\t\t\t\t<p><\/p>\n\t\t\t\t<\/div>\n\t\t\t\t<div class=\"cntl-image\"><img decoding=\"async\" src=\"https:\/\/sct.webs.upv.es\/wp-content\/uploads\/2021\/11\/square.png\"><\/div>\n\t\t\t\t<div class=\"cntl-icon cntl-center\">21-22<\/div>\n\t\t\t<\/div>\n\n\t\t\t\t\t<div class=\"cntl-state\">\n\t\t\t\t<div class=\"cntl-content\">\n\t\t\t\t\t<h4>Edici\u00f3 XVII<\/h4>\n\t\t\t\t\t<p><\/p>\n\t\t\t\t<\/div>\n\t\t\t\t<div class=\"cntl-image\"><img decoding=\"async\" src=\"https:\/\/sct.webs.upv.es\/wp-content\/uploads\/2021\/10\/cartel.png\"><\/div>\n\t\t\t\t<div class=\"cntl-icon cntl-center\">20-21<\/div>\n\t\t\t<\/div>\n\n\t\t\t\t\t<div class=\"cntl-state\">\n\t\t\t\t<div class=\"cntl-content\">\n\t\t\t\t\t<h4>Edici\u00f3 XVI<\/h4>\n\t\t\t\t\t<p><\/p>\n\t\t\t\t<\/div>\n\t\t\t\t<div class=\"cntl-image\"><img decoding=\"async\" src=\"https:\/\/sct.webs.upv.es\/wp-content\/uploads\/2021\/11\/2019.png\"><\/div>\n\t\t\t\t<div class=\"cntl-icon cntl-center\">19-20<\/div>\n\t\t\t<\/div>\n\n\t\t\t\t\t<div class=\"cntl-state\">\n\t\t\t\t<div class=\"cntl-content\">\n\t\t\t\t\t<h4>Edici\u00f3 XV<\/h4>\n\t\t\t\t\t<p><\/p>\n\t\t\t\t<\/div>\n\t\t\t\t<div class=\"cntl-image\"><img decoding=\"async\" src=\"https:\/\/sct.webs.upv.es\/wp-content\/uploads\/2021\/11\/2018-e1636361617335.jpg\"><\/div>\n\t\t\t\t<div class=\"cntl-icon cntl-center\">18-19<\/div>\n\t\t\t<\/div>\n\n\t\t\t\t\t<div class=\"cntl-state\">\n\t\t\t\t<div class=\"cntl-content\">\n\t\t\t\t\t<h4>Edici\u00f3 XIV<\/h4>\n\t\t\t\t\t<p><\/p>\n\t\t\t\t<\/div>\n\t\t\t\t<div class=\"cntl-image\"><img decoding=\"async\" src=\"https:\/\/sct.webs.upv.es\/wp-content\/uploads\/2021\/11\/2017b.jpg\"><\/div>\n\t\t\t\t<div class=\"cntl-icon cntl-center\">17-18<\/div>\n\t\t\t<\/div>\n\n\t\t\t\t\t<div class=\"cntl-state\">\n\t\t\t\t<div class=\"cntl-content\">\n\t\t\t\t\t<h4>Edici\u00f3 XIII<\/h4>\n\t\t\t\t\t<p><\/p>\n\t\t\t\t<\/div>\n\t\t\t\t<div class=\"cntl-image\"><img decoding=\"async\" src=\"https:\/\/sct.webs.upv.es\/wp-content\/uploads\/2021\/11\/2016.jpg\"><\/div>\n\t\t\t\t<div class=\"cntl-icon cntl-center\">16-17<\/div>\n\t\t\t<\/div>\n\n\t\t\t\t\t<div class=\"cntl-state\">\n\t\t\t\t<div class=\"cntl-content\">\n\t\t\t\t\t<h4>Edici\u00f3 XII<\/h4>\n\t\t\t\t\t<p><\/p>\n\t\t\t\t<\/div>\n\t\t\t\t<div class=\"cntl-image\"><img decoding=\"async\" src=\"https:\/\/sct.webs.upv.es\/wp-content\/uploads\/2021\/11\/2015.jpg\"><\/div>\n\t\t\t\t<div class=\"cntl-icon cntl-center\">15-16<\/div>\n\t\t\t<\/div>\n\n\t\t\t\t\t<div class=\"cntl-state\">\n\t\t\t\t<div class=\"cntl-content\">\n\t\t\t\t\t<h4>Edici\u00f3 XI<\/h4>\n\t\t\t\t\t<p><\/p>\n\t\t\t\t<\/div>\n\t\t\t\t<div class=\"cntl-image\"><img decoding=\"async\" src=\"https:\/\/sct.webs.upv.es\/wp-content\/uploads\/2021\/11\/2014.jpg\"><\/div>\n\t\t\t\t<div class=\"cntl-icon cntl-center\">14-15<\/div>\n\t\t\t<\/div>\n\n\t\t\t\t\t<div class=\"cntl-state\">\n\t\t\t\t<div class=\"cntl-content\">\n\t\t\t\t\t<h4>Edici\u00f3 X<\/h4>\n\t\t\t\t\t<p><\/p>\n\t\t\t\t<\/div>\n\t\t\t\t<div class=\"cntl-image\"><img decoding=\"async\" src=\"https:\/\/sct.webs.upv.es\/wp-content\/uploads\/2021\/11\/2013.jpg\"><\/div>\n\t\t\t\t<div class=\"cntl-icon cntl-center\">13-14<\/div>\n\t\t\t<\/div>\n\n\t\t\t\t\t<div class=\"cntl-state\">\n\t\t\t\t<div class=\"cntl-content\">\n\t\t\t\t\t<h4>Edici\u00f3 IX<\/h4>\n\t\t\t\t\t<p><\/p>\n\t\t\t\t<\/div>\n\t\t\t\t<div class=\"cntl-image\"><img decoding=\"async\" src=\"https:\/\/sct.webs.upv.es\/wp-content\/uploads\/2021\/11\/2012-e1635957948277.jpg\"><\/div>\n\t\t\t\t<div class=\"cntl-icon cntl-center\">12-13<\/div>\n\t\t\t<\/div>\n\n\t\t\t\t\t<div class=\"cntl-state\">\n\t\t\t\t<div class=\"cntl-content\">\n\t\t\t\t\t<h4>Edici\u00f3 VIII<\/h4>\n\t\t\t\t\t<p><\/p>\n\t\t\t\t<\/div>\n\t\t\t\t<div class=\"cntl-image\"><img decoding=\"async\" src=\"https:\/\/sct.webs.upv.es\/wp-content\/uploads\/2021\/11\/2011-e1636362188954.png\"><\/div>\n\t\t\t\t<div class=\"cntl-icon cntl-center\">11-12<\/div>\n\t\t\t<\/div>\n\n\t\t\t\t\t<div class=\"cntl-state\">\n\t\t\t\t<div class=\"cntl-content\">\n\t\t\t\t\t<h4>Edici\u00f3 VII<\/h4>\n\t\t\t\t\t<p><\/p>\n\t\t\t\t<\/div>\n\t\t\t\t<div class=\"cntl-image\"><img decoding=\"async\" src=\"https:\/\/sct.webs.upv.es\/wp-content\/uploads\/2021\/11\/2010.png\"><\/div>\n\t\t\t\t<div class=\"cntl-icon cntl-center\">10-11<\/div>\n\t\t\t<\/div>\n\n\t\t\t\t\t<div class=\"cntl-state\">\n\t\t\t\t<div class=\"cntl-content\">\n\t\t\t\t\t<h4>Edici\u00f3 VI<\/h4>\n\t\t\t\t\t<p><\/p>\n\t\t\t\t<\/div>\n\t\t\t\t<div class=\"cntl-image\"><img decoding=\"async\" src=\"https:\/\/sct.webs.upv.es\/wp-content\/uploads\/2021\/11\/2009.png\"><\/div>\n\t\t\t\t<div class=\"cntl-icon cntl-center\">09-10<\/div>\n\t\t\t<\/div>\n\n\t\t\t\t\t<div class=\"cntl-state\">\n\t\t\t\t<div class=\"cntl-content\">\n\t\t\t\t\t<h4>Edici\u00f3 V<\/h4>\n\t\t\t\t\t<p><\/p>\n\t\t\t\t<\/div>\n\t\t\t\t<div class=\"cntl-image\"><img decoding=\"async\" src=\"https:\/\/sct.webs.upv.es\/wp-content\/uploads\/2021\/11\/2008.png\"><\/div>\n\t\t\t\t<div class=\"cntl-icon cntl-center\">08-09<\/div>\n\t\t\t<\/div>\n\n\t\t\t\t\t<div class=\"cntl-state\">\n\t\t\t\t<div class=\"cntl-content\">\n\t\t\t\t\t<h4>Edici\u00f3 IV<\/h4>\n\t\t\t\t\t<p><\/p>\n\t\t\t\t<\/div>\n\t\t\t\t<div class=\"cntl-image\"><img decoding=\"async\" src=\"https:\/\/sct.webs.upv.es\/wp-content\/uploads\/2021\/11\/2007.png\"><\/div>\n\t\t\t\t<div class=\"cntl-icon cntl-center\">07-08<\/div>\n\t\t\t<\/div>\n\n\t\t\t\t\t<div class=\"cntl-state\">\n\t\t\t\t<div class=\"cntl-content\">\n\t\t\t\t\t<h4>Edici\u00f3 III<\/h4>\n\t\t\t\t\t<p><\/p>\n\t\t\t\t<\/div>\n\t\t\t\t<div class=\"cntl-image\"><img decoding=\"async\" src=\"https:\/\/sct.webs.upv.es\/wp-content\/uploads\/2021\/11\/2006.png\"><\/div>\n\t\t\t\t<div class=\"cntl-icon cntl-center\">06-07<\/div>\n\t\t\t<\/div>\n\n\t\t\t\t\t<div class=\"cntl-state\">\n\t\t\t\t<div class=\"cntl-content\">\n\t\t\t\t\t<h4>Edici\u00f3 II<\/h4>\n\t\t\t\t\t<p><\/p>\n\t\t\t\t<\/div>\n\t\t\t\t<div class=\"cntl-image\"><img decoding=\"async\" src=\"https:\/\/sct.webs.upv.es\/wp-content\/uploads\/2021\/11\/2005.png\"><\/div>\n\t\t\t\t<div class=\"cntl-icon cntl-center\">05-06<\/div>\n\t\t\t<\/div>\n\n\t\t\t\t\t<div class=\"cntl-state\">\n\t\t\t\t<div class=\"cntl-content\">\n\t\t\t\t\t<h4>Edici\u00f3 I<\/h4>\n\t\t\t\t\t<p><\/p>\n\t\t\t\t<\/div>\n\t\t\t\t<div class=\"cntl-image\"><img decoding=\"async\" src=\"https:\/\/sct.webs.upv.es\/wp-content\/uploads\/2021\/11\/2004.png\"><\/div>\n\t\t\t\t<div class=\"cntl-icon cntl-center\">04-05<\/div>\n\t\t\t<\/div>\n\n\t\t\n\t\t<\/div>\n\n\t<\/div>\n\n<\/div>\t\t\t\t<\/div>\n\t\t\t\t<\/div>\n\t\t\t\t\t<\/div>\n\t\t<\/div>\n\t\t\t\t\t<\/div>\n\t\t<\/div>\n\t\t\t\t\t<\/div>\n\t\t<\/div>\n\t\t\t\t\t<\/div>\n\t\t<\/div>\n\t\t\t\t<\/div>","protected":false},"excerpt":{"rendered":"<p>EDICIONES ANTERIORES Edici\u00f3n XXI 24-25 Edici\u00f3n XX 23-24 Edici\u00f3n XIX 22-23 Edici\u00f3n XVIII 21-22 Edici\u00f3n XVII 20-21 Edici\u00f3n XVI 19-20 Edici\u00f3n XV 18-19 Edici\u00f3n XIV 17-18 Edici\u00f3n XIII 16-17 Edici\u00f3n [&hellip;]<\/p>\n","protected":false},"author":1,"featured_media":0,"parent":0,"menu_order":0,"comment_status":"closed","ping_status":"closed","template":"","meta":{"_acf_changed":false,"inline_featured_image":false,"_price":"","_stock":"","_tribe_ticket_header":"","_tribe_default_ticket_provider":"","_tribe_ticket_capacity":"0","_ticket_start_date":"","_ticket_end_date":"","_tribe_ticket_show_description":"","_tribe_ticket_show_not_going":false,"_tribe_ticket_use_global_stock":"","_tribe_ticket_global_stock_level":"","_global_stock_mode":"","_global_stock_cap":"","_tribe_rsvp_for_event":"","_tribe_ticket_going_count":"","_tribe_ticket_not_going_count":"","_tribe_tickets_list":"[]","_tribe_ticket_has_attendee_info_fields":false,"footnotes":"","_tec_slr_enabled":"","_tec_slr_layout":""},"class_list":["post-11614","page","type-page","status-publish","hentry"],"acf":[],"ticketed":false,"_links":{"self":[{"href":"https:\/\/sct.webs.upv.es\/ca\/wp-json\/wp\/v2\/pages\/11614","targetHints":{"allow":["GET"]}}],"collection":[{"href":"https:\/\/sct.webs.upv.es\/ca\/wp-json\/wp\/v2\/pages"}],"about":[{"href":"https:\/\/sct.webs.upv.es\/ca\/wp-json\/wp\/v2\/types\/page"}],"author":[{"embeddable":true,"href":"https:\/\/sct.webs.upv.es\/ca\/wp-json\/wp\/v2\/users\/1"}],"replies":[{"embeddable":true,"href":"https:\/\/sct.webs.upv.es\/ca\/wp-json\/wp\/v2\/comments?post=11614"}],"version-history":[{"count":104,"href":"https:\/\/sct.webs.upv.es\/ca\/wp-json\/wp\/v2\/pages\/11614\/revisions"}],"predecessor-version":[{"id":16185,"href":"https:\/\/sct.webs.upv.es\/ca\/wp-json\/wp\/v2\/pages\/11614\/revisions\/16185"}],"wp:attachment":[{"href":"https:\/\/sct.webs.upv.es\/ca\/wp-json\/wp\/v2\/media?parent=11614"}],"curies":[{"name":"wp","href":"https:\/\/api.w.org\/{rel}","templated":true}]}}